{"id":1726,"date":"2023-07-10T10:46:29","date_gmt":"2023-07-10T08:46:29","guid":{"rendered":"https:\/\/genevet.mycoqpit.fr\/?post_type=product&#038;p=1726"},"modified":"2023-07-11T16:45:02","modified_gmt":"2023-07-11T14:45:02","slug":"oxytet-20-la","status":"publish","type":"product","link":"https:\/\/genevet.mycoqpit.fr\/en\/produit\/oxytet-20-la\/","title":{"rendered":"Oxytet 20% LA"},"content":{"rendered":"<p>L\u2019oxyt\u00e9tracycline est un antibiotique \u00e0 large spectre, \u00e0 action bact\u00e9riostatique sur un grand nombre de micro-organismes \u00e0 Gram positif et \u00e0 Gram n\u00e9gatif (tels que les streptocoques, les staphylocoques, Pasteurella spp., Brucella spp., Corynebacterium spp., Erysipelothrix, les coliformes, Salmonella), les rickettsies, les mycoplasmes, les chlamydias et certains protozoaires. Son activit\u00e9 sur Pseudomonas spp., Proteus spp. et Klebsiella spp. est faible. Administr\u00e9e par voie parent\u00e9rale, l\u2019oxyt\u00e9tracycline diffuse rapidement dans le sang et les tissus. Le principal avantage de cette pr\u00e9paration est son effet th\u00e9rapeutique extr\u00eamement long. L\u2019oxyt\u00e9tracycline a une action synergique avec la polymyxine.<\/p>\n","protected":false},"excerpt":{"rendered":"<p>L\u2019oxyt\u00e9tracycline est un antibiotique \u00e0 large spectre, \u00e0 action bact\u00e9riostatique sur un grand nombre de micro-organismes \u00e0 Gram positif et \u00e0 Gram n\u00e9gatif (tels que les streptocoques, les staphylocoques, Pasteurella spp., Brucella spp., Corynebacterium spp., Erysipelothrix, les coliformes, Salmonella), les rickettsies, les mycoplasmes, les chlamydias et certains protozoaires. Son activit\u00e9 sur Pseudomonas spp., Proteus spp. [&hellip;]<\/p>\n","protected":false},"featured_media":1727,"comment_status":"open","ping_status":"closed","template":"","meta":[],"product_cat":[60],"product_tag":[],"acf":[],"_links":{"self":[{"href":"https:\/\/genevet.mycoqpit.fr\/en\/wp-json\/wp\/v2\/product\/1726"}],"collection":[{"href":"https:\/\/genevet.mycoqpit.fr\/en\/wp-json\/wp\/v2\/product"}],"about":[{"href":"https:\/\/genevet.mycoqpit.fr\/en\/wp-json\/wp\/v2\/types\/product"}],"replies":[{"embeddable":true,"href":"https:\/\/genevet.mycoqpit.fr\/en\/wp-json\/wp\/v2\/comments?post=1726"}],"wp:featuredmedia":[{"embeddable":true,"href":"https:\/\/genevet.mycoqpit.fr\/en\/wp-json\/wp\/v2\/media\/1727"}],"wp:attachment":[{"href":"https:\/\/genevet.mycoqpit.fr\/en\/wp-json\/wp\/v2\/media?parent=1726"}],"wp:term":[{"taxonomy":"product_cat","embeddable":true,"href":"https:\/\/genevet.mycoqpit.fr\/en\/wp-json\/wp\/v2\/product_cat?post=1726"},{"taxonomy":"product_tag","embeddable":true,"href":"https:\/\/genevet.mycoqpit.fr\/en\/wp-json\/wp\/v2\/product_tag?post=1726"}],"curies":[{"name":"wp","href":"https:\/\/api.w.org\/{rel}","templated":true}]}}