{"id":1733,"date":"2023-07-10T10:57:38","date_gmt":"2023-07-10T08:57:38","guid":{"rendered":"https:\/\/genevet.mycoqpit.fr\/?post_type=product&#038;p=1733"},"modified":"2023-07-11T16:44:25","modified_gmt":"2023-07-11T14:44:25","slug":"vermectin","status":"publish","type":"product","link":"https:\/\/genevet.mycoqpit.fr\/en\/produit\/vermectin\/","title":{"rendered":"Vermectin"},"content":{"rendered":"<p>La vermectine (ivermectine) est indiqu\u00e9e pour le traitement des infections suivantes:<\/p>\n<p><b>Strongyloidiasis du tractus intestinal.<\/b>\u00a0La vermectine (ivermectine) est indiqu\u00e9e pour le traitement de la strongylo\u00efdiose intestinale (D.H. non diss\u00e9min\u00e9e) due au parasite n\u00e9matode\u00a0<i>Strongyloides stercoralis.<\/i><\/p>\n","protected":false},"excerpt":{"rendered":"<p>La vermectine (ivermectine) est indiqu\u00e9e pour le traitement des infections suivantes: Strongyloidiasis du tractus intestinal.\u00a0La vermectine (ivermectine) est indiqu\u00e9e pour le traitement de la strongylo\u00efdiose intestinale (D.H. non diss\u00e9min\u00e9e) due au parasite n\u00e9matode\u00a0Strongyloides stercoralis.<\/p>\n","protected":false},"featured_media":1730,"comment_status":"open","ping_status":"closed","template":"","meta":[],"product_cat":[60],"product_tag":[],"acf":[],"_links":{"self":[{"href":"https:\/\/genevet.mycoqpit.fr\/en\/wp-json\/wp\/v2\/product\/1733"}],"collection":[{"href":"https:\/\/genevet.mycoqpit.fr\/en\/wp-json\/wp\/v2\/product"}],"about":[{"href":"https:\/\/genevet.mycoqpit.fr\/en\/wp-json\/wp\/v2\/types\/product"}],"replies":[{"embeddable":true,"href":"https:\/\/genevet.mycoqpit.fr\/en\/wp-json\/wp\/v2\/comments?post=1733"}],"wp:featuredmedia":[{"embeddable":true,"href":"https:\/\/genevet.mycoqpit.fr\/en\/wp-json\/wp\/v2\/media\/1730"}],"wp:attachment":[{"href":"https:\/\/genevet.mycoqpit.fr\/en\/wp-json\/wp\/v2\/media?parent=1733"}],"wp:term":[{"taxonomy":"product_cat","embeddable":true,"href":"https:\/\/genevet.mycoqpit.fr\/en\/wp-json\/wp\/v2\/product_cat?post=1733"},{"taxonomy":"product_tag","embeddable":true,"href":"https:\/\/genevet.mycoqpit.fr\/en\/wp-json\/wp\/v2\/product_tag?post=1733"}],"curies":[{"name":"wp","href":"https:\/\/api.w.org\/{rel}","templated":true}]}}